{"id":16,"date":"2012-02-19T16:54:06","date_gmt":"2012-02-19T15:54:06","guid":{"rendered":"http:\/\/www.goodcircuit.com\/?page_id=16"},"modified":"2016-12-19T15:29:09","modified_gmt":"2016-12-19T14:29:09","slug":"werdegang","status":"publish","type":"page","link":"https:\/\/www.goodcircuit.com\/?page_id=16","title":{"rendered":"Kompetenzprofil"},"content":{"rendered":"<p>International erfahrener Finanz Direktor mit Private Equity- und Konzern-Hintergrund. \u00dcber zehn\u00a0Jahre Prokurist, Gesch\u00e4ftsf\u00fchrer sowie Mitglied der Gesch\u00e4ftsf\u00fchrung in der Lebensmittelindustrie. Zuvor internationale Erfahrung als Audit Manager und Zentraleink\u00e4ufer eines global agierenden FMCG Unternehmen. Umfangreiche Erfahrungen im Marketing-, Vertriebs- und Produktions-Controlling.<\/p>\n<ul>\n<li>Erfolgreiche Umsetzung signifikanter Verbesserungen im Bereich von internen Management Reporting Prozessen sowie der Transparenz von Kernproblemen des Gesch\u00e4ftes.<\/li>\n<li>Ausgepr\u00e4gte Kenntnisse von Management Informations Systemen jeglicher Art, sowohl im Hinblick auf die GuV als auch die Bilanz.<\/li>\n<li>Implementierung einer SAP \u201eVollinstallation\u201c innerhalb eines Kern-Projektes in weniger als zw\u00f6lf Monaten. Keinerlei Einschr\u00e4nkung hinsichtlich Lieferung und Fakturierung.<\/li>\n<li>Als Audit Manager Regionaler Champion Europa f\u00fcr IFRS und SarbOx. Solide Kenntnis aller Kern-Finanzprozesse.<\/li>\n<li>Mehr als 15 Jahre Erfahrung als Teamleiter, \u00fcberwiegend mit formeller Personalverantwortung.<\/li>\n<li>Effektiv und effizient in der Kommunikation auf allen F\u00fchrungsebenen internationaler Unternehmen und innerhalb von Matrix-Strukturen.<\/li>\n<\/ul>\n","protected":false},"excerpt":{"rendered":"<p>International erfahrener Finanz Direktor mit Private Equity- und Konzern-Hintergrund. \u00dcber zehn\u00a0Jahre Prokurist, Gesch\u00e4ftsf\u00fchrer sowie Mitglied der Gesch\u00e4ftsf\u00fchrung in der Lebensmittelindustrie. Zuvor internationale Erfahrung als Audit Manager und Zentraleink\u00e4ufer eines global agierenden FMCG Unternehmen. Umfangreiche Erfahrungen im Marketing-, Vertriebs- und Produktions-Controlling. Erfolgreiche Umsetzung signifikanter Verbesserungen im Bereich von internen Management Reporting Prozessen sowie der Transparenz von&#8230;<\/p>\n","protected":false},"author":2,"featured_media":0,"parent":0,"menu_order":10,"comment_status":"closed","ping_status":"closed","template":"","meta":{"footnotes":""},"_links":{"self":[{"href":"https:\/\/www.goodcircuit.com\/index.php?rest_route=\/wp\/v2\/pages\/16"}],"collection":[{"href":"https:\/\/www.goodcircuit.com\/index.php?rest_route=\/wp\/v2\/pages"}],"about":[{"href":"https:\/\/www.goodcircuit.com\/index.php?rest_route=\/wp\/v2\/types\/page"}],"author":[{"embeddable":true,"href":"https:\/\/www.goodcircuit.com\/index.php?rest_route=\/wp\/v2\/users\/2"}],"replies":[{"embeddable":true,"href":"https:\/\/www.goodcircuit.com\/index.php?rest_route=%2Fwp%2Fv2%2Fcomments&post=16"}],"version-history":[{"count":8,"href":"https:\/\/www.goodcircuit.com\/index.php?rest_route=\/wp\/v2\/pages\/16\/revisions"}],"predecessor-version":[{"id":179,"href":"https:\/\/www.goodcircuit.com\/index.php?rest_route=\/wp\/v2\/pages\/16\/revisions\/179"}],"wp:attachment":[{"href":"https:\/\/www.goodcircuit.com\/index.php?rest_route=%2Fwp%2Fv2%2Fmedia&parent=16"}],"curies":[{"name":"wp","href":"https:\/\/api.w.org\/{rel}","templated":true}]}}